{"id":2706,"date":"2022-07-01T12:41:33","date_gmt":"2022-07-01T03:41:33","guid":{"rendered":"https:\/\/wa-magazine.com\/chinh-sach-bao-mat\/"},"modified":"2022-08-08T19:22:42","modified_gmt":"2022-08-08T10:22:42","slug":"privacy-policy","status":"publish","type":"page","link":"https:\/\/wa-magazine.com\/vi\/privacy-policy\/","title":{"rendered":"Ch\u00ednh s\u00e1ch b\u1ea3o m\u1eadt"},"content":{"rendered":"\n<h1 class=\"has-text-align-center has-large-font-size wp-block-heading\">Ch\u00ednh s\u00e1ch b\u1ea3o m\u1eadt<\/h1>\n\n\n\n<p>C\u00f4ng ty TNHH Team S.E Japan (sau \u0111\u00e2y g\u1ecdi l\u00e0 &#8220;C\u00f4ng ty ch\u00fang t\u00f4i&#8221;) tu\u00e2n th\u1ee7 \u0110\u1ea1o lu\u1eadt B\u1ea3o v\u1ec7 Th\u00f4ng tin C\u00e1 nh\u00e2n (sau \u0111\u00e2y g\u1ecdi l\u00e0 &#8220;Lu\u1eadt B\u1ea3o v\u1ec7 Th\u00f4ng tin C\u00e1 nh\u00e2n&#8221;), c\u00e1c lu\u1eadt v\u00e0 quy \u0111\u1ecbnh li\u00ean quan v\u00e0 c\u00e1c h\u01b0\u1edbng d\u1eabn kh\u00e1c. Nh\u1eefng th\u00f4ng tin c\u00e1 nh\u00e2n c\u1ee7a kh\u00e1ch h\u00e0ng m\u00e0 ch\u00fang t\u00f4i s\u1eed d\u1ee5ng cho ho\u1ea1t \u0111\u1ed9ng kinh doanh s\u1ebd \u0111\u01b0\u1ee3c C\u00f4ng ty ch\u00fang t\u00f4i x\u1eed l\u00fd nh\u01b0 sau.<\/p>\n\n\n\n<h2 class=\"styled_h2 wp-block-heading\">Ph\u1ea1m vi \u00e1p d\u1ee5ng Lu\u1eadt B\u1ea3o v\u1ec7 Th\u00f4ng tin C\u00e1 nh\u00e2n<\/h2>\n\n\n\n<p>Ch\u00ednh s\u00e1ch b\u1ea3o m\u1eadt n\u00e0y \u00e1p d\u1ee5ng cho d\u1ecbch v\u1ee5 c\u1ee7a Wa Japan Web Magazine do C\u00f4ng ty ch\u00fang t\u00f4i cung c\u1ea5p (sau \u0111\u00e2y g\u1ecdi l\u00e0 &#8220;D\u1ecbch v\u1ee5&#8221;), th\u00f4ng tin c\u00e1 nh\u00e2n \u0111\u01b0\u1ee3c C\u00f4ng ty ch\u00fang t\u00f4i thu th\u1eadp v\u00e0 qu\u1ea3n l\u00fd \u0111\u1ec1 c\u1eadp \u0111\u1ebfn nh\u1eefng \u0111i\u1ec1u sau \u0111\u00e2y.<\/p>\n\n\n\n<ul class=\"wp-block-list\"><li>T\u00ean, m\u00e3 b\u01b0u \u0111i\u1ec7n, \u0111\u1ecba ch\u1ec9, s\u1ed1 \u0111i\u1ec7n tho\u1ea1i, ng\u00e0y th\u00e1ng n\u0103m sinh, v.v.<\/li><li>\u0110\u1ecba ch\u1ec9 IP, l\u1ecbch s\u1eed k\u1ebft n\u1ed1i, th\u00f4ng tin thi\u1ebft b\u1ecb \u0111\u1ea7u cu\u1ed1i, v.v.<\/li><\/ul>\n\n\n\n<p>Tr\u01b0\u1eddng h\u1ee3p s\u1eed d\u1ee5ng trang web c\u1ee7a doanh nghi\u1ec7p kh\u00e1c \u0111\u01b0\u1ee3c ti\u1ebfp c\u1eadn b\u1eb1ng c\u00e1ch li\u00ean k\u1ebft qu\u1ea3ng c\u00e1o ho\u1eb7c d\u1ecbch v\u1ee5 t\u00ecm ki\u1ebfm t\u1eeb D\u1ecbch v\u1ee5, do C\u00f4ng ty ch\u00fang t\u00f4i kh\u00f4ng th\u1ec3 qu\u1ea3n l\u00fd tr\u1ef1c ti\u1ebfp n\u00ean nh\u1eefng th\u00f4ng tin c\u00e1 nh\u00e2n l\u01b0u l\u1ea1i \u1edf trang web \u0111\u00f3 s\u1ebd n\u1eb1m ngo\u00e0i ph\u1ea1m vi Lu\u1eadt B\u1ea3o v\u1ec7 Th\u00f4ng tin C\u00e1 nh\u00e2n c\u1ee7a C\u00f4ng ty ch\u00fang t\u00f4i.<\/p>\n\n\n\n<h2 class=\"styled_h2 wp-block-heading\">M\u1ee5c \u0111\u00edch s\u1eed d\u1ee5ng th\u00f4ng tin c\u00e1 nh\u00e2n<\/h2>\n\n\n\n<p>Th\u00f4ng tin c\u00e1 nh\u00e2n \u0111\u01b0\u1ee3c C\u00f4ng ty ch\u00fang t\u00f4i thu th\u1eadp v\u00e0 qu\u1ea3n l\u00fd th\u00f4ng qua D\u1ecbch v\u1ee5 s\u1ebd \u0111\u01b0\u1ee3c s\u1eed d\u1ee5ng cho c\u00e1c m\u1ee5c \u0111\u00edch sau.<\/p>\n\n\n\n<ul class=\"wp-block-list\"><li>V\u1eadn h\u00e0nh nh\u1eb1m c\u1ea3i thi\u1ec7n s\u1ef1 ti\u1ec7n \u00edch c\u1ee7a D\u1ecbch v\u1ee5<\/li><li>Gi\u1ea3i \u0111\u00e1p th\u1eafc m\u1eafc c\u1ee7a kh\u00e1ch h\u00e0ng<\/li><li>Ho\u1ea1t \u0111\u1ed9ng ti\u1ebfp th\u1ecb \u0111\u1ec3 c\u1ea3i ti\u1ebfn D\u1ecbch v\u1ee5<\/li><\/ul>\n\n\n\n<h2 class=\"styled_h2 wp-block-heading\">Cookie<\/h2>\n\n\n\n<p>Khi \u0111\u1ec3 l\u1ea1i b\u00ecnh lu\u1eadn \u1edf D\u1ecbch v\u1ee5, t\u00ean, \u0111\u1ecba ch\u1ec9 email, v.v. c\u1ee7a kh\u00e1ch h\u00e0ng s\u1ebd \u0111\u01b0\u1ee3c l\u01b0u v\u00e0o Cookie. \u0110i\u1ec1u n\u00e0y l\u00e0 \u0111\u1ec3 c\u1ea3i thi\u1ec7n s\u1ef1 ti\u1ec7n \u00edch c\u1ee7a D\u1ecbch v\u1ee5, kh\u00e1ch h\u00e0ng s\u1ebd \u0111\u1ee1 ph\u1ea3i nh\u1eadp l\u1ea1i th\u00f4ng tin khi \u0111\u1ec3 l\u1ea1i b\u00ecnh lu\u1eadn kh\u00e1c. Cookie n\u00e0y \u0111\u01b0\u1ee3c l\u01b0u trong m\u1ed9t n\u0103m.<\/p>\n\n\n\n<h2 class=\"styled_h2 wp-block-heading\">Th\u00f4ng tin v\u1ec1 vi\u1ec7c s\u1eed d\u1ee5ng Google Analytics<\/h2>\n\n\n\n<p>D\u1ecbch v\u1ee5 s\u1eed d\u1ee5ng Google Analytics c\u1ee7a C\u00f4ng ty Google \u0111\u1ec3 \u0111o l\u01b0\u1eddng tr\u1ea1ng th\u00e1i tr\u00ecnh duy\u1ec7t c\u1ee7a trang web. C\u00f4ng ty Google c\u00f3 th\u1ec3 c\u00e0i \u0111\u1eb7t ho\u1eb7c l\u1ea5y Cookie \u0111\u1ec3 thu th\u1eadp d\u1eef li\u1ec7u. Khi \u0111\u00f3, th\u00f4ng tin nh\u01b0 URL v\u00e0 \u0111\u1ecba ch\u1ec9 IP c\u1ee7a trang m\u00e0 kh\u00e1ch h\u00e0ng \u0111\u00e3 xem s\u1ebd t\u1ef1 \u0111\u1ed9ng \u0111\u01b0\u1ee3c g\u1eedi \u0111\u1ebfn C\u00f4ng ty Google.<\/p>\n\n\n\n<p>C\u00f4ng ty ch\u00fang t\u00f4i c\u00f3 th\u1ec3 s\u1eed d\u1ee5ng th\u00f4ng tin \u0111\u00f3 \u0111\u1ec3 n\u1eafm \u0111\u01b0\u1ee3c t\u00ecnh tr\u1ea1ng s\u1eed d\u1ee5ng D\u1ecbch v\u1ee5. V\u1ec1 vi\u1ec7c x\u1eed l\u00fd d\u1eef li\u1ec7u trong Google Analytics c\u1ee7a C\u00f4ng ty Google, vui l\u00f2ng ki\u1ec3m tra \u0110i\u1ec1u kho\u1ea3n s\u1eed d\u1ee5ng c\u1ee7a Google Analytics v\u00e0 Ch\u00ednh s\u00e1ch b\u1ea3o m\u1eadt c\u1ee7a C\u00f4ng ty Google.<\/p>\n\n\n\n<p class=\"has-text-align-right\">1\/8\/2022<br>C\u00f4ng ty TNHH Team S.E Japan<\/p>\n\n\n<p style=\"text-align: center;\"><span class=\"label\"><span class=\"label\" style=\"width: 240px; height: 60px;\"><a class=\"q_custom_button q_custom_button1 animation_type3\" style=\"width: 240px; height: 60px;\" href=\"\/vi\/\">V\u1ec1 trang ch\u1ee7<\/a><\/span><\/span><\/p>","protected":false},"excerpt":{"rendered":"Ch\u00ednh s\u00e1ch b\u1ea3o m\u1eadt C\u00f4ng ty TNHH Team S.E Japan (sau \u0111\u00e2y g\u1ecdi l\u00e0 &#8220;C\u00f4ng ty ch\u00fang t\u00f4i&#8221;) tu\u00e2n th\u1ee7 \u0110\u1ea1o lu\u1eadt B\u1ea3o v\u1ec7 Th\u00f4ng tin C\u00e1 nh\u00e2n (sau \u0111\u00e2y g\u1ecdi l\u00e0 &#8220;Lu\u1eadt B\u1ea3o v\u1ec7 Th\u00f4ng tin C\u00e1 nh\u00e2n&#8221;), c\u00e1c lu\u1eadt v\u00e0 quy \u0111\u1ecbnh li\u00ean quan v\u00e0 c\u00e1c h\u01b0\u1edbng d\u1eabn kh\u00e1c. Nh\u1eefng th\u00f4ng tin c\u00e1 [&hellip;]","protected":false},"author":2,"featured_media":0,"parent":0,"menu_order":0,"comment_status":"closed","ping_status":"open","template":"","meta":{"_editorskit_title_hidden":false,"_editorskit_reading_time":2,"_editorskit_is_block_options_detached":false,"_editorskit_block_options_position":"{}","footnotes":""},"class_list":["post-2706","page","type-page","status-publish","hentry"],"yoast_head":"<!-- This site is optimized with the Yoast SEO plugin v25.9 - https:\/\/yoast.com\/wordpress\/plugins\/seo\/ -->\n<title>Ch\u00ednh s\u00e1ch b\u1ea3o m\u1eadt - Wa<\/title>\n<meta name=\"robots\" content=\"index, follow, max-snippet:-1, max-image-preview:large, max-video-preview:-1\" \/>\n<link rel=\"canonical\" href=\"https:\/\/wa-magazine.com\/vi\/privacy-policy\/\" \/>\n<meta property=\"og:locale\" content=\"vi_VN\" \/>\n<meta property=\"og:type\" content=\"article\" \/>\n<meta property=\"og:title\" content=\"Ch\u00ednh s\u00e1ch b\u1ea3o m\u1eadt - Wa\" \/>\n<meta property=\"og:description\" content=\"Ch\u00ednh s\u00e1ch b\u1ea3o m\u1eadt C\u00f4ng ty TNHH Team S.E Japan (sau \u0111\u00e2y g\u1ecdi l\u00e0 &#8220;C\u00f4ng ty ch\u00fang t\u00f4i&#8221;) tu\u00e2n th\u1ee7 \u0110\u1ea1o lu\u1eadt B\u1ea3o v\u1ec7 Th\u00f4ng tin C\u00e1 nh\u00e2n (sau \u0111\u00e2y g\u1ecdi l\u00e0 &#8220;Lu\u1eadt B\u1ea3o v\u1ec7 Th\u00f4ng tin C\u00e1 nh\u00e2n&#8221;), c\u00e1c lu\u1eadt v\u00e0 quy \u0111\u1ecbnh li\u00ean quan v\u00e0 c\u00e1c h\u01b0\u1edbng d\u1eabn kh\u00e1c. Nh\u1eefng th\u00f4ng tin c\u00e1 [&hellip;]\" \/>\n<meta property=\"og:url\" content=\"https:\/\/wa-magazine.com\/vi\/privacy-policy\/\" \/>\n<meta property=\"og:site_name\" content=\"Wa\" \/>\n<meta property=\"article:modified_time\" content=\"2022-08-08T10:22:42+00:00\" \/>\n<meta name=\"twitter:card\" content=\"summary_large_image\" \/>\n<meta name=\"twitter:label1\" content=\"Est. reading time\" \/>\n\t<meta name=\"twitter:data1\" content=\"4 minutes\" \/>\n<script type=\"application\/ld+json\" class=\"yoast-schema-graph\">{\"@context\":\"https:\/\/schema.org\",\"@graph\":[{\"@type\":\"WebPage\",\"@id\":\"https:\/\/wa-magazine.com\/vi\/privacy-policy\/\",\"url\":\"https:\/\/wa-magazine.com\/vi\/privacy-policy\/\",\"name\":\"Ch\u00ednh s\u00e1ch b\u1ea3o m\u1eadt - Wa\",\"isPartOf\":{\"@id\":\"https:\/\/18.176.115.215\/en\/#website\"},\"datePublished\":\"2022-07-01T03:41:33+00:00\",\"dateModified\":\"2022-08-08T10:22:42+00:00\",\"breadcrumb\":{\"@id\":\"https:\/\/wa-magazine.com\/vi\/privacy-policy\/#breadcrumb\"},\"inLanguage\":\"vi-VN\",\"potentialAction\":[{\"@type\":\"ReadAction\",\"target\":[\"https:\/\/wa-magazine.com\/vi\/privacy-policy\/\"]}]},{\"@type\":\"BreadcrumbList\",\"@id\":\"https:\/\/wa-magazine.com\/vi\/privacy-policy\/#breadcrumb\",\"itemListElement\":[{\"@type\":\"ListItem\",\"position\":1,\"name\":\"\u30db\u30fc\u30e0\",\"item\":\"https:\/\/18.176.115.215\/en\/\"},{\"@type\":\"ListItem\",\"position\":2,\"name\":\"Ch\u00ednh s\u00e1ch b\u1ea3o m\u1eadt\"}]},{\"@type\":\"WebSite\",\"@id\":\"https:\/\/18.176.115.215\/en\/#website\",\"url\":\"https:\/\/18.176.115.215\/en\/\",\"name\":\"Wa Japan Web Magazine\",\"description\":\"-Wa- Japan Web Magazine\",\"potentialAction\":[{\"@type\":\"SearchAction\",\"target\":{\"@type\":\"EntryPoint\",\"urlTemplate\":\"https:\/\/18.176.115.215\/en\/?s={search_term_string}\"},\"query-input\":{\"@type\":\"PropertyValueSpecification\",\"valueRequired\":true,\"valueName\":\"search_term_string\"}}],\"inLanguage\":\"vi-VN\"}]}<\/script>\n<!-- \/ Yoast SEO plugin. -->","yoast_head_json":{"title":"Ch\u00ednh s\u00e1ch b\u1ea3o m\u1eadt - Wa","robots":{"index":"index","follow":"follow","max-snippet":"max-snippet:-1","max-image-preview":"max-image-preview:large","max-video-preview":"max-video-preview:-1"},"canonical":"https:\/\/wa-magazine.com\/vi\/privacy-policy\/","og_locale":"vi_VN","og_type":"article","og_title":"Ch\u00ednh s\u00e1ch b\u1ea3o m\u1eadt - Wa","og_description":"Ch\u00ednh s\u00e1ch b\u1ea3o m\u1eadt C\u00f4ng ty TNHH Team S.E Japan (sau \u0111\u00e2y g\u1ecdi l\u00e0 &#8220;C\u00f4ng ty ch\u00fang t\u00f4i&#8221;) tu\u00e2n th\u1ee7 \u0110\u1ea1o lu\u1eadt B\u1ea3o v\u1ec7 Th\u00f4ng tin C\u00e1 nh\u00e2n (sau \u0111\u00e2y g\u1ecdi l\u00e0 &#8220;Lu\u1eadt B\u1ea3o v\u1ec7 Th\u00f4ng tin C\u00e1 nh\u00e2n&#8221;), c\u00e1c lu\u1eadt v\u00e0 quy \u0111\u1ecbnh li\u00ean quan v\u00e0 c\u00e1c h\u01b0\u1edbng d\u1eabn kh\u00e1c. Nh\u1eefng th\u00f4ng tin c\u00e1 [&hellip;]","og_url":"https:\/\/wa-magazine.com\/vi\/privacy-policy\/","og_site_name":"Wa","article_modified_time":"2022-08-08T10:22:42+00:00","twitter_card":"summary_large_image","twitter_misc":{"Est. reading time":"4 minutes"},"schema":{"@context":"https:\/\/schema.org","@graph":[{"@type":"WebPage","@id":"https:\/\/wa-magazine.com\/vi\/privacy-policy\/","url":"https:\/\/wa-magazine.com\/vi\/privacy-policy\/","name":"Ch\u00ednh s\u00e1ch b\u1ea3o m\u1eadt - Wa","isPartOf":{"@id":"https:\/\/18.176.115.215\/en\/#website"},"datePublished":"2022-07-01T03:41:33+00:00","dateModified":"2022-08-08T10:22:42+00:00","breadcrumb":{"@id":"https:\/\/wa-magazine.com\/vi\/privacy-policy\/#breadcrumb"},"inLanguage":"vi-VN","potentialAction":[{"@type":"ReadAction","target":["https:\/\/wa-magazine.com\/vi\/privacy-policy\/"]}]},{"@type":"BreadcrumbList","@id":"https:\/\/wa-magazine.com\/vi\/privacy-policy\/#breadcrumb","itemListElement":[{"@type":"ListItem","position":1,"name":"\u30db\u30fc\u30e0","item":"https:\/\/18.176.115.215\/en\/"},{"@type":"ListItem","position":2,"name":"Ch\u00ednh s\u00e1ch b\u1ea3o m\u1eadt"}]},{"@type":"WebSite","@id":"https:\/\/18.176.115.215\/en\/#website","url":"https:\/\/18.176.115.215\/en\/","name":"Wa Japan Web Magazine","description":"-Wa- Japan Web Magazine","potentialAction":[{"@type":"SearchAction","target":{"@type":"EntryPoint","urlTemplate":"https:\/\/18.176.115.215\/en\/?s={search_term_string}"},"query-input":{"@type":"PropertyValueSpecification","valueRequired":true,"valueName":"search_term_string"}}],"inLanguage":"vi-VN"}]}},"jetpack_sharing_enabled":true,"_links":{"self":[{"href":"https:\/\/wa-magazine.com\/vi\/wp-json\/wp\/v2\/pages\/2706","targetHints":{"allow":["GET"]}}],"collection":[{"href":"https:\/\/wa-magazine.com\/vi\/wp-json\/wp\/v2\/pages"}],"about":[{"href":"https:\/\/wa-magazine.com\/vi\/wp-json\/wp\/v2\/types\/page"}],"author":[{"embeddable":true,"href":"https:\/\/wa-magazine.com\/vi\/wp-json\/wp\/v2\/users\/2"}],"replies":[{"embeddable":true,"href":"https:\/\/wa-magazine.com\/vi\/wp-json\/wp\/v2\/comments?post=2706"}],"version-history":[{"count":20,"href":"https:\/\/wa-magazine.com\/vi\/wp-json\/wp\/v2\/pages\/2706\/revisions"}],"predecessor-version":[{"id":2768,"href":"https:\/\/wa-magazine.com\/vi\/wp-json\/wp\/v2\/pages\/2706\/revisions\/2768"}],"wp:attachment":[{"href":"https:\/\/wa-magazine.com\/vi\/wp-json\/wp\/v2\/media?parent=2706"}],"curies":[{"name":"wp","href":"https:\/\/api.w.org\/{rel}","templated":true}]}}