{"id":2756,"date":"2022-08-02T18:31:59","date_gmt":"2022-08-02T09:31:59","guid":{"rendered":"https:\/\/wa-magazine.com\/lien-he\/"},"modified":"2022-09-08T16:34:09","modified_gmt":"2022-09-08T07:34:09","slug":"contact","status":"publish","type":"page","link":"https:\/\/wa-magazine.com\/vi\/contact\/","title":{"rendered":"Li\u00ean h\u1ec7"},"content":{"rendered":"\n<h1 class=\"has-text-align-center wp-block-heading\">Li\u00ean h\u1ec7<\/h1>\n\n<p class=\"subtitle_position\">\n          <strong>\n            <span style=\"text-decoration: underline;\" class=\"ek-underline\">L\u01b0u \u00fd<\/span>\n          <\/strong>\n        <\/p>\n\n<ul class=\"is-style-default wp-block-list\"><li>Ch\u00fang t\u00f4i s\u1ebd tr\u1ea3 l\u1eddi c\u00e2u h\u1ecfi \u0111\u1ebfn \u0111\u1ecba ch\u1ec9 email b\u1ea1n nh\u1eadp b\u00ean d\u01b0\u1edbi.<\/li><li>M\u1ea5t kho\u1ea3ng 1 \u0111\u1ebfn 2 ng\u00e0y \u0111\u1ec3 tr\u1ea3 l\u1eddi. (Kh\u00f4ng t\u00ednh th\u1ee9 7, Ch\u1ee7 Nh\u1eadt, c\u00e1c ng\u00e0y L\u1ec5, T\u1ebft)<\/li><li>T\u00f9y v\u00e0o n\u1ed9i dung c\u00e2u h\u1ecfi, c\u00f3 khi s\u1ebd c\u1ea7n th\u00eam ch\u00fat th\u1eddi gian \u0111\u1ec3 tr\u1ea3 l\u1eddi.<\/li><li>C\u00e1c ng\u00f4n ng\u1eef c\u00f3 th\u1ec3 \u0111\u01b0\u1ee3c s\u1eed d\u1ee5ng \u0111\u1ec3 \u0111\u1eb7t c\u00e2u h\u1ecfi ch\u1ec9 gi\u1edbi h\u1ea1n \u1edf ti\u1ebfng Nh\u1eadt, ti\u1ebfng Anh v\u00e0 ti\u1ebfng Vi\u1ec7t.<\/li><\/ul>\n<div class=\"wpforms-container wpforms-container-full wpforms-block\" id=\"wpforms-941\"><form id=\"wpforms-form-941\" class=\"wpforms-validate wpforms-form wpforms-ajax-form\" data-formid=\"941\" method=\"post\" enctype=\"multipart\/form-data\" action=\"\/vi\/wp-json\/wp\/v2\/pages\/2756\" data-token=\"be48fde481d19d43101e65f858af2432\" data-token-time=\"1776028389\"><noscript class=\"wpforms-error-noscript\">Please enable JavaScript in your browser to complete this form.<\/noscript><div class=\"wpforms-field-container\"><div id=\"wpforms-941-field_0-container\" class=\"wpforms-field wpforms-field-name\" data-field-id=\"0\"><label class=\"wpforms-field-label\" for=\"wpforms-941-field_0\">Name <span class=\"wpforms-required-label\">*<\/span><\/label><input type=\"text\" id=\"wpforms-941-field_0\" class=\"wpforms-field-medium wpforms-field-required\" name=\"wpforms[fields][0]\" required><\/div><div id=\"wpforms-941-field_1-container\" class=\"wpforms-field wpforms-field-email\" data-field-id=\"1\"><label class=\"wpforms-field-label\" for=\"wpforms-941-field_1\">Email <span class=\"wpforms-required-label\">*<\/span><\/label><input type=\"email\" id=\"wpforms-941-field_1\" class=\"wpforms-field-medium wpforms-field-required\" name=\"wpforms[fields][1]\" spellcheck=\"false\" required><\/div><div id=\"wpforms-941-field_2-container\" class=\"wpforms-field wpforms-field-textarea\" data-field-id=\"2\"><label class=\"wpforms-field-label\" for=\"wpforms-941-field_2\">Message <span class=\"wpforms-required-label\">*<\/span><\/label><textarea id=\"wpforms-941-field_2\" class=\"wpforms-field-large wpforms-field-required\" name=\"wpforms[fields][2]\" required><\/textarea><\/div><\/div><!-- .wpforms-field-container --><div class=\"wpforms-recaptcha-container wpforms-is-recaptcha wpforms-is-recaptcha-type-invisible\" ><div class=\"g-recaptcha\" data-sitekey=\"6LdDXz4hAAAAAMGhnsCzn_2XoDXceJPvYlNneqVs\" data-size=\"invisible\"><\/div><\/div><div class=\"wpforms-submit-container\" ><input type=\"hidden\" name=\"wpforms[id]\" value=\"941\"><input type=\"hidden\" name=\"page_title\" value=\"\"><input type=\"hidden\" name=\"page_url\" value=\"https:\/\/wa-magazine.com\/vi\/wp-json\/wp\/v2\/pages\/2756\"><input type=\"hidden\" name=\"url_referer\" value=\"\"><button type=\"submit\" name=\"wpforms[submit]\" id=\"wpforms-submit-941\" class=\"wpforms-submit\" data-alt-text=\"Send\u2026\" data-submit-text=\"Send\" aria-live=\"assertive\" value=\"wpforms-submit\">Send<\/button><img loading=\"lazy\" decoding=\"async\" src=\"https:\/\/wa-magazine.com\/wp-content\/plugins\/wpforms-lite\/assets\/images\/submit-spin.svg\" class=\"wpforms-submit-spinner\" style=\"display: none;\" width=\"26\" height=\"26\" alt=\"Loading\"><\/div><\/form><\/div>  <!-- .wpforms-container --><p style=\"text-align: center;\">\n            <a class=\"q_custom_button q_custom_button1 animation_type3\" style=\"width: 240px; height: 60px;\" href=\"\/\"><br \/>\n              <span class=\"label\">V\u1ec1 trang ch\u1ee7<\/span><br \/>\n            <\/a>\n          <\/p>\n","protected":false},"excerpt":{"rendered":"Li\u00ean h\u1ec7 L\u01b0u \u00fd Ch\u00fang t\u00f4i s\u1ebd tr\u1ea3 l\u1eddi c\u00e2u h\u1ecfi \u0111\u1ebfn \u0111\u1ecba ch\u1ec9 email b\u1ea1n nh\u1eadp b\u00ean d\u01b0\u1edbi. M\u1ea5t kho\u1ea3ng 1 \u0111\u1ebfn 2 ng\u00e0y \u0111\u1ec3 tr\u1ea3 l\u1eddi. (Kh\u00f4ng t\u00ednh th\u1ee9 7, Ch\u1ee7 Nh\u1eadt, c\u00e1c ng\u00e0y L\u1ec5, T\u1ebft) T\u00f9y v\u00e0o n\u1ed9i dung c\u00e2u h\u1ecfi, c\u00f3 khi s\u1ebd c\u1ea7n th\u00eam ch\u00fat th\u1eddi gian \u0111\u1ec3 tr\u1ea3 l\u1eddi. [&hellip;]","protected":false},"author":2,"featured_media":0,"parent":0,"menu_order":0,"comment_status":"closed","ping_status":"closed","template":"","meta":{"_editorskit_title_hidden":false,"_editorskit_reading_time":0,"_editorskit_is_block_options_detached":false,"_editorskit_block_options_position":"{}","footnotes":""},"class_list":["post-2756","page","type-page","status-publish","hentry"],"yoast_head":"<!-- This site is optimized with the Yoast SEO plugin v25.9 - https:\/\/yoast.com\/wordpress\/plugins\/seo\/ -->\n<title>Li\u00ean h\u1ec7 - Wa<\/title>\n<meta name=\"robots\" content=\"index, follow, max-snippet:-1, max-image-preview:large, max-video-preview:-1\" \/>\n<link rel=\"canonical\" href=\"https:\/\/wa-magazine.com\/contact\/\" \/>\n<meta property=\"og:locale\" content=\"vi_VN\" \/>\n<meta property=\"og:type\" content=\"article\" \/>\n<meta property=\"og:title\" content=\"Li\u00ean h\u1ec7 - Wa\" \/>\n<meta property=\"og:description\" content=\"Li\u00ean h\u1ec7 L\u01b0u \u00fd Ch\u00fang t\u00f4i s\u1ebd tr\u1ea3 l\u1eddi c\u00e2u h\u1ecfi \u0111\u1ebfn \u0111\u1ecba ch\u1ec9 email b\u1ea1n nh\u1eadp b\u00ean d\u01b0\u1edbi. M\u1ea5t kho\u1ea3ng 1 \u0111\u1ebfn 2 ng\u00e0y \u0111\u1ec3 tr\u1ea3 l\u1eddi. (Kh\u00f4ng t\u00ednh th\u1ee9 7, Ch\u1ee7 Nh\u1eadt, c\u00e1c ng\u00e0y L\u1ec5, T\u1ebft) T\u00f9y v\u00e0o n\u1ed9i dung c\u00e2u h\u1ecfi, c\u00f3 khi s\u1ebd c\u1ea7n th\u00eam ch\u00fat th\u1eddi gian \u0111\u1ec3 tr\u1ea3 l\u1eddi. [&hellip;]\" \/>\n<meta property=\"og:url\" content=\"https:\/\/wa-magazine.com\/contact\/\" \/>\n<meta property=\"og:site_name\" content=\"Wa\" \/>\n<meta property=\"article:modified_time\" content=\"2022-09-08T07:34:09+00:00\" \/>\n<meta name=\"twitter:card\" content=\"summary_large_image\" \/>\n<meta name=\"twitter:label1\" content=\"Est. reading time\" \/>\n\t<meta name=\"twitter:data1\" content=\"1 minute\" \/>\n<script type=\"application\/ld+json\" class=\"yoast-schema-graph\">{\"@context\":\"https:\/\/schema.org\",\"@graph\":[{\"@type\":\"WebPage\",\"@id\":\"https:\/\/wa-magazine.com\/contact\/\",\"url\":\"https:\/\/wa-magazine.com\/contact\/\",\"name\":\"Li\u00ean h\u1ec7 - Wa\",\"isPartOf\":{\"@id\":\"https:\/\/18.176.115.215\/ko\/#website\"},\"datePublished\":\"2022-08-02T09:31:59+00:00\",\"dateModified\":\"2022-09-08T07:34:09+00:00\",\"breadcrumb\":{\"@id\":\"https:\/\/wa-magazine.com\/contact\/#breadcrumb\"},\"inLanguage\":\"vi-VN\",\"potentialAction\":[{\"@type\":\"ReadAction\",\"target\":[\"https:\/\/wa-magazine.com\/contact\/\"]}]},{\"@type\":\"BreadcrumbList\",\"@id\":\"https:\/\/wa-magazine.com\/contact\/#breadcrumb\",\"itemListElement\":[{\"@type\":\"ListItem\",\"position\":1,\"name\":\"\u30db\u30fc\u30e0\",\"item\":\"https:\/\/18.176.115.215\/ko\/\"},{\"@type\":\"ListItem\",\"position\":2,\"name\":\"Li\u00ean h\u1ec7\"}]},{\"@type\":\"WebSite\",\"@id\":\"https:\/\/18.176.115.215\/ko\/#website\",\"url\":\"https:\/\/18.176.115.215\/ko\/\",\"name\":\"Wa Japan Web Magazine\",\"description\":\"-Wa- Japan Web Magazine\",\"potentialAction\":[{\"@type\":\"SearchAction\",\"target\":{\"@type\":\"EntryPoint\",\"urlTemplate\":\"https:\/\/18.176.115.215\/ko\/?s={search_term_string}\"},\"query-input\":{\"@type\":\"PropertyValueSpecification\",\"valueRequired\":true,\"valueName\":\"search_term_string\"}}],\"inLanguage\":\"vi-VN\"}]}<\/script>\n<!-- \/ Yoast SEO plugin. -->","yoast_head_json":{"title":"Li\u00ean h\u1ec7 - Wa","robots":{"index":"index","follow":"follow","max-snippet":"max-snippet:-1","max-image-preview":"max-image-preview:large","max-video-preview":"max-video-preview:-1"},"canonical":"https:\/\/wa-magazine.com\/contact\/","og_locale":"vi_VN","og_type":"article","og_title":"Li\u00ean h\u1ec7 - Wa","og_description":"Li\u00ean h\u1ec7 L\u01b0u \u00fd Ch\u00fang t\u00f4i s\u1ebd tr\u1ea3 l\u1eddi c\u00e2u h\u1ecfi \u0111\u1ebfn \u0111\u1ecba ch\u1ec9 email b\u1ea1n nh\u1eadp b\u00ean d\u01b0\u1edbi. M\u1ea5t kho\u1ea3ng 1 \u0111\u1ebfn 2 ng\u00e0y \u0111\u1ec3 tr\u1ea3 l\u1eddi. (Kh\u00f4ng t\u00ednh th\u1ee9 7, Ch\u1ee7 Nh\u1eadt, c\u00e1c ng\u00e0y L\u1ec5, T\u1ebft) T\u00f9y v\u00e0o n\u1ed9i dung c\u00e2u h\u1ecfi, c\u00f3 khi s\u1ebd c\u1ea7n th\u00eam ch\u00fat th\u1eddi gian \u0111\u1ec3 tr\u1ea3 l\u1eddi. [&hellip;]","og_url":"https:\/\/wa-magazine.com\/contact\/","og_site_name":"Wa","article_modified_time":"2022-09-08T07:34:09+00:00","twitter_card":"summary_large_image","twitter_misc":{"Est. reading time":"1 minute"},"schema":{"@context":"https:\/\/schema.org","@graph":[{"@type":"WebPage","@id":"https:\/\/wa-magazine.com\/contact\/","url":"https:\/\/wa-magazine.com\/contact\/","name":"Li\u00ean h\u1ec7 - Wa","isPartOf":{"@id":"https:\/\/18.176.115.215\/ko\/#website"},"datePublished":"2022-08-02T09:31:59+00:00","dateModified":"2022-09-08T07:34:09+00:00","breadcrumb":{"@id":"https:\/\/wa-magazine.com\/contact\/#breadcrumb"},"inLanguage":"vi-VN","potentialAction":[{"@type":"ReadAction","target":["https:\/\/wa-magazine.com\/contact\/"]}]},{"@type":"BreadcrumbList","@id":"https:\/\/wa-magazine.com\/contact\/#breadcrumb","itemListElement":[{"@type":"ListItem","position":1,"name":"\u30db\u30fc\u30e0","item":"https:\/\/18.176.115.215\/ko\/"},{"@type":"ListItem","position":2,"name":"Li\u00ean h\u1ec7"}]},{"@type":"WebSite","@id":"https:\/\/18.176.115.215\/ko\/#website","url":"https:\/\/18.176.115.215\/ko\/","name":"Wa Japan Web Magazine","description":"-Wa- Japan Web Magazine","potentialAction":[{"@type":"SearchAction","target":{"@type":"EntryPoint","urlTemplate":"https:\/\/18.176.115.215\/ko\/?s={search_term_string}"},"query-input":{"@type":"PropertyValueSpecification","valueRequired":true,"valueName":"search_term_string"}}],"inLanguage":"vi-VN"}]}},"jetpack_sharing_enabled":true,"_links":{"self":[{"href":"https:\/\/wa-magazine.com\/vi\/wp-json\/wp\/v2\/pages\/2756","targetHints":{"allow":["GET"]}}],"collection":[{"href":"https:\/\/wa-magazine.com\/vi\/wp-json\/wp\/v2\/pages"}],"about":[{"href":"https:\/\/wa-magazine.com\/vi\/wp-json\/wp\/v2\/types\/page"}],"author":[{"embeddable":true,"href":"https:\/\/wa-magazine.com\/vi\/wp-json\/wp\/v2\/users\/2"}],"replies":[{"embeddable":true,"href":"https:\/\/wa-magazine.com\/vi\/wp-json\/wp\/v2\/comments?post=2756"}],"version-history":[{"count":6,"href":"https:\/\/wa-magazine.com\/vi\/wp-json\/wp\/v2\/pages\/2756\/revisions"}],"predecessor-version":[{"id":11563,"href":"https:\/\/wa-magazine.com\/vi\/wp-json\/wp\/v2\/pages\/2756\/revisions\/11563"}],"wp:attachment":[{"href":"https:\/\/wa-magazine.com\/vi\/wp-json\/wp\/v2\/media?parent=2756"}],"curies":[{"name":"wp","href":"https:\/\/api.w.org\/{rel}","templated":true}]}}