{"id":28860,"date":"2022-09-19T13:56:18","date_gmt":"2022-09-19T04:56:18","guid":{"rendered":"https:\/\/wa-magazine.com\/destinations\/"},"modified":"2024-11-16T15:09:24","modified_gmt":"2024-11-16T06:09:24","slug":"destinations","status":"publish","type":"page","link":"https:\/\/wa-magazine.com\/vi\/destinations\/","title":{"rendered":"\u0110i\u1ec3m \u0111\u1ebfn"},"content":{"rendered":"\n<h2 class=\"wp-block-heading styled_h2\">B\u00e0i vi\u1ebft n\u1ed5i b\u1eadt<\/h2>\n<div class=\"cardlink\">\r\n    <a href=\"\/travel\/summer\/japan-summer-sightseeing-ranking\/\">\r\n      <div class=\"cardlink_thumbnail\">\r\n        <img decoding=\"async\" src=\"https:\/\/wa-magazine.com\/wp-content\/uploads\/2023\/06\/summer.jpeg\">\r\n      <\/div>\r\n    <\/a>\r\n    <div class=\"cardlink_content\">\r\n      <span class=\"cardlink_timestamp\">2023.07.04<\/span>\r\n      <div class=\"cardlink_title\">\r\n        <a href=\"\/travel\/summer\/japan-summer-sightseeing-ranking\/\">Top 7 \u0111\u1ecba \u0111i\u1ec3m du l\u1ecbch m\u00f9a h\u00e8 \u1edf Nh\u1eadt B\u1ea3n<\/a>\r\n      <\/div>\r\n      <div class=\"cardlink_excerpt\"><span>\nNh\u1eadt B\u1ea3n c\u00f3 nhi\u1ec1u \u0111\u1ecba \u0111i\u1ec3m du l\u1ecbch l\u00ed t\u01b0\u1edfng v\u00e0o m\u00f9a h\u00e8 v\u1edbi c\u1ea3nh quan ...<\/span><\/div>\r\n    <\/div>\r\n    <div class=\"cardlink_footer\"><\/div>\r\n  <\/div>\n\n","protected":false},"excerpt":{"rendered":"B\u00e0i vi\u1ebft n\u1ed5i b\u1eadt","protected":false},"author":2,"featured_media":0,"parent":0,"menu_order":0,"comment_status":"closed","ping_status":"closed","template":"","meta":{"_editorskit_title_hidden":false,"_editorskit_reading_time":1,"_editorskit_is_block_options_detached":false,"_editorskit_block_options_position":"{}","footnotes":""},"class_list":["post-28860","page","type-page","status-publish","hentry"],"yoast_head":"<!-- This site is optimized with the Yoast SEO plugin v25.9 - https:\/\/yoast.com\/wordpress\/plugins\/seo\/ -->\n<title>\u0110i\u1ec3m \u0111\u1ebfn - Wa<\/title>\n<meta name=\"robots\" content=\"index, follow, max-snippet:-1, max-image-preview:large, max-video-preview:-1\" \/>\n<link rel=\"canonical\" href=\"https:\/\/wa-magazine.com\/destinations\/\" \/>\n<meta property=\"og:locale\" content=\"vi_VN\" \/>\n<meta property=\"og:type\" content=\"article\" \/>\n<meta property=\"og:title\" content=\"\u0110i\u1ec3m \u0111\u1ebfn - Wa\" \/>\n<meta property=\"og:description\" content=\"B\u00e0i vi\u1ebft n\u1ed5i b\u1eadt\" \/>\n<meta property=\"og:url\" content=\"https:\/\/wa-magazine.com\/destinations\/\" \/>\n<meta property=\"og:site_name\" content=\"Wa\" \/>\n<meta property=\"article:modified_time\" content=\"2024-11-16T06:09:24+00:00\" \/>\n<meta name=\"twitter:card\" content=\"summary_large_image\" \/>\n<script type=\"application\/ld+json\" class=\"yoast-schema-graph\">{\"@context\":\"https:\/\/schema.org\",\"@graph\":[{\"@type\":\"WebPage\",\"@id\":\"https:\/\/wa-magazine.com\/destinations\/\",\"url\":\"https:\/\/wa-magazine.com\/destinations\/\",\"name\":\"\u0110i\u1ec3m \u0111\u1ebfn - Wa\",\"isPartOf\":{\"@id\":\"https:\/\/18.176.115.215\/vi\/#website\"},\"datePublished\":\"2022-09-19T04:56:18+00:00\",\"dateModified\":\"2024-11-16T06:09:24+00:00\",\"breadcrumb\":{\"@id\":\"https:\/\/wa-magazine.com\/destinations\/#breadcrumb\"},\"inLanguage\":\"vi-VN\",\"potentialAction\":[{\"@type\":\"ReadAction\",\"target\":[\"https:\/\/wa-magazine.com\/destinations\/\"]}]},{\"@type\":\"BreadcrumbList\",\"@id\":\"https:\/\/wa-magazine.com\/destinations\/#breadcrumb\",\"itemListElement\":[{\"@type\":\"ListItem\",\"position\":1,\"name\":\"\u30db\u30fc\u30e0\",\"item\":\"https:\/\/18.176.115.215\/vi\/\"},{\"@type\":\"ListItem\",\"position\":2,\"name\":\"\u0110i\u1ec3m \u0111\u1ebfn\"}]},{\"@type\":\"WebSite\",\"@id\":\"https:\/\/18.176.115.215\/vi\/#website\",\"url\":\"https:\/\/18.176.115.215\/vi\/\",\"name\":\"Wa Japan Web Magazine\",\"description\":\"-Wa- Japan Web Magazine\",\"potentialAction\":[{\"@type\":\"SearchAction\",\"target\":{\"@type\":\"EntryPoint\",\"urlTemplate\":\"https:\/\/18.176.115.215\/vi\/?s={search_term_string}\"},\"query-input\":{\"@type\":\"PropertyValueSpecification\",\"valueRequired\":true,\"valueName\":\"search_term_string\"}}],\"inLanguage\":\"vi-VN\"}]}<\/script>\n<!-- \/ Yoast SEO plugin. -->","yoast_head_json":{"title":"\u0110i\u1ec3m \u0111\u1ebfn - Wa","robots":{"index":"index","follow":"follow","max-snippet":"max-snippet:-1","max-image-preview":"max-image-preview:large","max-video-preview":"max-video-preview:-1"},"canonical":"https:\/\/wa-magazine.com\/destinations\/","og_locale":"vi_VN","og_type":"article","og_title":"\u0110i\u1ec3m \u0111\u1ebfn - Wa","og_description":"B\u00e0i vi\u1ebft n\u1ed5i b\u1eadt","og_url":"https:\/\/wa-magazine.com\/destinations\/","og_site_name":"Wa","article_modified_time":"2024-11-16T06:09:24+00:00","twitter_card":"summary_large_image","schema":{"@context":"https:\/\/schema.org","@graph":[{"@type":"WebPage","@id":"https:\/\/wa-magazine.com\/destinations\/","url":"https:\/\/wa-magazine.com\/destinations\/","name":"\u0110i\u1ec3m \u0111\u1ebfn - Wa","isPartOf":{"@id":"https:\/\/18.176.115.215\/vi\/#website"},"datePublished":"2022-09-19T04:56:18+00:00","dateModified":"2024-11-16T06:09:24+00:00","breadcrumb":{"@id":"https:\/\/wa-magazine.com\/destinations\/#breadcrumb"},"inLanguage":"vi-VN","potentialAction":[{"@type":"ReadAction","target":["https:\/\/wa-magazine.com\/destinations\/"]}]},{"@type":"BreadcrumbList","@id":"https:\/\/wa-magazine.com\/destinations\/#breadcrumb","itemListElement":[{"@type":"ListItem","position":1,"name":"\u30db\u30fc\u30e0","item":"https:\/\/18.176.115.215\/vi\/"},{"@type":"ListItem","position":2,"name":"\u0110i\u1ec3m \u0111\u1ebfn"}]},{"@type":"WebSite","@id":"https:\/\/18.176.115.215\/vi\/#website","url":"https:\/\/18.176.115.215\/vi\/","name":"Wa Japan Web Magazine","description":"-Wa- Japan Web Magazine","potentialAction":[{"@type":"SearchAction","target":{"@type":"EntryPoint","urlTemplate":"https:\/\/18.176.115.215\/vi\/?s={search_term_string}"},"query-input":{"@type":"PropertyValueSpecification","valueRequired":true,"valueName":"search_term_string"}}],"inLanguage":"vi-VN"}]}},"jetpack_sharing_enabled":true,"_links":{"self":[{"href":"https:\/\/wa-magazine.com\/vi\/wp-json\/wp\/v2\/pages\/28860","targetHints":{"allow":["GET"]}}],"collection":[{"href":"https:\/\/wa-magazine.com\/vi\/wp-json\/wp\/v2\/pages"}],"about":[{"href":"https:\/\/wa-magazine.com\/vi\/wp-json\/wp\/v2\/types\/page"}],"author":[{"embeddable":true,"href":"https:\/\/wa-magazine.com\/vi\/wp-json\/wp\/v2\/users\/2"}],"replies":[{"embeddable":true,"href":"https:\/\/wa-magazine.com\/vi\/wp-json\/wp\/v2\/comments?post=28860"}],"version-history":[{"count":4,"href":"https:\/\/wa-magazine.com\/vi\/wp-json\/wp\/v2\/pages\/28860\/revisions"}],"predecessor-version":[{"id":28886,"href":"https:\/\/wa-magazine.com\/vi\/wp-json\/wp\/v2\/pages\/28860\/revisions\/28886"}],"wp:attachment":[{"href":"https:\/\/wa-magazine.com\/vi\/wp-json\/wp\/v2\/media?parent=28860"}],"curies":[{"name":"wp","href":"https:\/\/api.w.org\/{rel}","templated":true}]}}